{"id":264,"date":"2023-10-25T08:55:15","date_gmt":"2023-10-25T06:55:15","guid":{"rendered":"https:\/\/greyd.tilmann-ruppert.de\/dps-wetzlar\/?page_id=264"},"modified":"2025-05-19T08:50:48","modified_gmt":"2025-05-19T06:50:48","slug":"wholesale","status":"publish","type":"page","link":"https:\/\/dps-wetzlar.de\/en\/wholesale\/","title":{"rendered":"Wholesale"},"content":{"rendered":"<div  class=\"gs_Koc6cl row_wrap has-background\"><div id='bg_69df23ca507da' class='greyd-background bg_full'>\n\t\t\t\t\t\t\t\t<div class='bg_color'><\/div>\n\t\t\t\t\t\t\t\t\n\t\t\t\t\t\t\t\t\n\t\t\t\t\t\t\t\t\n\t\t\t\t\t\t\t<\/div>\n<div class=\"wp-block-columns row_xxl has-color-23-background-color has-background is-layout-flex wp-container-core-columns-is-layout-2 wp-block-columns-is-layout-flex\">\n<div class=\"wp-block-column col-12 col-lg-6 is-layout-flow wp-block-column-is-layout-flow\">\n<div id=\"greyd-69df23ca4e9f8\" class=\"wp-block-greyd-box gs_0El87Y greyd-content-box gs_0El87Y flex-justify-space-between\">\n<div class=\"wp-block-group\"><div class=\"wp-block-group__inner-container is-layout-constrained wp-block-group-is-layout-constrained\">\n<h1 class=\"wp-block-heading has-color-31-color has-text-color has-link-color wp-elements-70eb354efef996032e9075d80107218c\">Pharmaceutical wholesaler with partial assortment<br><a href=\"https:\/\/dps-wetzlar.de\/kontakt\"><\/a><\/h1>\n\n\n\n<div class=\"wp-block-greyd-buttons alignleft\">\n<a  href=\"https:\/\/dps-wetzlar.de\/en\/contact\/\" title=\"Contact\" class=\"button  gs_hOtzcz \">REQUEST NOW<\/a>\n<\/div>\n<\/div><\/div>\n\n\n<div  class=\"gs_JRuaAa row_wrap\">\n<div class=\"wp-block-columns is-layout-flex wp-container-core-columns-is-layout-1 wp-block-columns-is-layout-flex\">\n<div class=\"wp-block-column col-4 is-layout-flow wp-block-column-is-layout-flow\"><figure style=\"\" class=\"wp-block-image greyd-image   gs_sFxwrg\"><img loading=\"lazy\" decoding=\"async\" width=\"100\" height=\"83\" src=\"https:\/\/dps-wetzlar.de\/wp-content\/uploads\/sites\/28\/2023\/10\/asset-1.webp\" class=\"wp-image-161\" alt=\"asset 1\" \/><\/figure><\/div>\n\n\n\n<div class=\"wp-block-column col-4 is-layout-flow wp-block-column-is-layout-flow\"><figure style=\"\" class=\"wp-block-image greyd-image   gs_uQg04Y\"><img loading=\"lazy\" decoding=\"async\" width=\"100\" height=\"100\" src=\"https:\/\/dps-wetzlar.de\/wp-content\/uploads\/sites\/28\/2023\/10\/asset-2.webp\" class=\"wp-image-163\" alt=\"asset 2\" \/><\/figure><\/div>\n\n\n\n<div class=\"wp-block-column col-4 is-layout-flow wp-block-column-is-layout-flow\"><figure style=\"\" class=\"wp-block-image greyd-image   gs_TDdyQm\"><img loading=\"lazy\" decoding=\"async\" width=\"100\" height=\"100\" src=\"https:\/\/dps-wetzlar.de\/wp-content\/uploads\/sites\/28\/2023\/10\/asset-3.webp\" class=\"wp-image-165\" alt=\"asset 3\" \/><\/figure><\/div>\n<\/div>\n<\/div><\/div>\n<\/div>\n\n\n\n<div class=\"wp-block-column col-12 col-lg-6 is-layout-flow wp-block-column-is-layout-flow\">\n<div id=\"greyd-69df23ca5055f\" class=\"wp-block-greyd-box gs_dV555W greyd-content-box gs_dV555W flex-justify-flex-start has-background\"><div id='bg_69df23ca4fe63' class='greyd-background'>\n\t\t\t\t\t\t\t\t<div class='bg_image'  data-srcset='{\"150\":\"https:\\\/\\\/dps-wetzlar.de\\\/wp-content\\\/uploads\\\/sites\\\/28\\\/2023\\\/10\\\/dsc04558-1000x900-q80-150x150.webp\",\"300\":\"https:\\\/\\\/dps-wetzlar.de\\\/wp-content\\\/uploads\\\/sites\\\/28\\\/2023\\\/10\\\/dsc04558-1000x900-q80-300x254.webp\",\"768\":\"https:\\\/\\\/dps-wetzlar.de\\\/wp-content\\\/uploads\\\/sites\\\/28\\\/2023\\\/10\\\/dsc04558-1000x900-q80-768x650.webp\",\"full\":\"https:\\\/\\\/dps-wetzlar.de\\\/wp-content\\\/uploads\\\/sites\\\/28\\\/2023\\\/10\\\/dsc04558-1000x900-q80.webp\"}'><\/div>\n\t\t\t\t\t\t\t\t\n\t\t\t\t\t\t\t\t\n\t\t\t\t\t\t\t\t\n\t\t\t\t\t\t\t<\/div><\/div>\n<\/div>\n<\/div>\n<\/div>\n\n<div  class=\"gs_dfBRVz row_wrap\">\n<div class=\"wp-block-columns row_xxl is-layout-flex wp-container-core-columns-is-layout-3 wp-block-columns-is-layout-flex\">\n<div class=\"wp-block-column col-12 col-lg-6 is-layout-flow wp-block-column-is-layout-flow\">\n<h2 class=\"wp-block-heading\">Certified pharmaceutical wholesaler<\/h2>\n\n\n\n<p>Dalheim Pharma Service is a pharmaceutical wholesaler with&nbsp;<span class=\"is-button link\" data-type=\"file\" data-params=\"&quot;255&quot;\">wholesale authorization according to \u00a752a AMG<\/span>, GDP certificates (<span class=\"is-button link\" data-type=\"file\" data-params=\"&quot;253&quot;\">administration<\/span>&nbsp;and&nbsp;<span class=\"is-button link\" data-type=\"file\" data-params=\"&quot;251&quot;\">warehouse<\/span>) and&nbsp;<a href=\"https:\/\/abcert-web.de\/biokonv3\/WebBescheinigung.nsf\/xpUnternehmen.xsp?documentId=6AFD6CC5C8C1EE50C1257CF4006DF330\" target=\"_blank\" rel=\"noreferrer noopener\">organic certificate according to EU Organic Regulation (EC) No. 2018\/848<\/a>&nbsp;and thus ensures a secure supply of pharmaceuticals.<\/p>\n\n\n\n<p>As a pharmaceutical wholesaler and logistics service provider, we are an important link between the various players in the pharmaceutical market, such as pharmacies and manufacturers of pharmaceutical products.<\/p>\n<\/div>\n<\/div>\n<\/div>\n\n<div  class=\"row_wrap\">\n<div class=\"wp-block-columns row_xxxl is-layout-flex wp-container-core-columns-is-layout-4 wp-block-columns-is-layout-flex\">\n<div class=\"wp-block-column col-12 col-md-auto col-lg-auto offset-lg-0 is-layout-flow wp-block-column-is-layout-flow\" style=\"padding-top:0;padding-right:0;padding-bottom:0;padding-left:0\">\n<div id=\"greyd-69df23ca51c0a\" class=\"wp-block-greyd-box gs_sFUw6y greyd-content-box gs_sFUw6y has-background\"><div id='bg_69df23ca515c0' class='greyd-background'>\n\t\t\t\t\t\t\t\t<div class='bg_image'  data-srcset='{\"150\":\"https:\\\/\\\/dps-wetzlar.de\\\/wp-content\\\/uploads\\\/sites\\\/28\\\/2023\\\/10\\\/dsc04682-2000x-q80-150x150.webp\",\"200\":\"https:\\\/\\\/dps-wetzlar.de\\\/wp-content\\\/uploads\\\/sites\\\/28\\\/2023\\\/10\\\/dsc04682-2000x-q80-200x300.webp\",\"683\":\"https:\\\/\\\/dps-wetzlar.de\\\/wp-content\\\/uploads\\\/sites\\\/28\\\/2023\\\/10\\\/dsc04682-2000x-q80-683x1024.webp\",\"768\":\"https:\\\/\\\/dps-wetzlar.de\\\/wp-content\\\/uploads\\\/sites\\\/28\\\/2023\\\/10\\\/dsc04682-2000x-q80-768x1152.webp\",\"1024\":\"https:\\\/\\\/dps-wetzlar.de\\\/wp-content\\\/uploads\\\/sites\\\/28\\\/2023\\\/10\\\/dsc04682-2000x-q80-1024x1536.webp\",\"1365\":\"https:\\\/\\\/dps-wetzlar.de\\\/wp-content\\\/uploads\\\/sites\\\/28\\\/2023\\\/10\\\/dsc04682-2000x-q80-1365x2048.webp\",\"full\":\"https:\\\/\\\/dps-wetzlar.de\\\/wp-content\\\/uploads\\\/sites\\\/28\\\/2023\\\/10\\\/dsc04682-2000x-q80-scaled.webp\"}'><\/div>\n\t\t\t\t\t\t\t\t\n\t\t\t\t\t\t\t\t\n\t\t\t\t\t\t\t\t\n\t\t\t\t\t\t\t<\/div><\/div>\n<\/div>\n\n\n\n<div class=\"wp-block-column col-12 col-md-auto has-color-21-background-color has-background is-layout-flow wp-block-column-is-layout-flow\" style=\"padding-top:0;padding-right:0;padding-bottom:0;padding-left:0\">\n<div id=\"greyd-69df23ca52306\" class=\"wp-block-greyd-box alignleft gs_9NwxJS greyd-content-box gs_9NwxJS has-text-color flex-justify-center\">\n<h3 class=\"wp-block-heading has-h-3-font-size gs_fGUavh\" style=\"text-transform:none\">Offer portfolio<\/h3>\n\n\n\n<p class=\"has-color-33-color has-text-color has-link-color wp-elements-e300e336408f4911ba5a95a93f69654a\">As a pharmaceutical wholesaler with a partial assortment, we trade in OTC and Rx drugs, dietary supplements, dietary foods, dressings and other medical products. We do not trade in products from the fields of narcotics, cold chain drugs and blood transfusions.<\/p>\n\n\n\n<h3 class=\"wp-block-heading has-h-3-font-size gs_jXGTcH\" style=\"text-transform:none\">Start-ups and companies based abroad<\/h3>\n\n\n\n<p class=\"has-color-33-color has-text-color has-link-color wp-elements-47a013809cbf9abb46b526c715428c85\">We are also very pleased to be contacted by start-ups or companies from abroad that are planning to enter the German pharmaceutical market with their products and are looking for a reliable distribution partner.<\/p>\n<\/div>\n<\/div>\n<\/div>\n<\/div>\n\n\n<p><\/p>\n","protected":false},"excerpt":{"rendered":"<p>Certified pharmaceutical wholesaler Dalheim Pharma Service is a pharmaceutical wholesaler with&nbsp;wholesale authorization according to \u00a752a AMG, GDP certificates (administration&nbsp;and&nbsp;warehouse) and&nbsp;organic certificate according to EU Organic Regulation (EC) No. 2018\/848&nbsp;and thus ensures a secure supply of pharmaceuticals. As a pharmaceutical wholesaler and logistics service provider, we are an important link between the various players in the [&hellip;]<\/p>\n","protected":false},"author":3,"featured_media":0,"parent":0,"menu_order":0,"comment_status":"closed","ping_status":"closed","template":"","meta":{"greyd_block_editor_preview":[],"footnotes":""},"class_list":["post-264","page","type-page","status-publish","hentry"],"yoast_head":"<!-- This site is optimized with the Yoast SEO plugin v27.3 - https:\/\/yoast.com\/product\/yoast-seo-wordpress\/ -->\n<title>Pharmazeutischer Gro\u00dfh\u00e4ndler - DPS<\/title>\n<meta name=\"description\" content=\"Als pharmazeutischer Gro\u00dfh\u00e4ndler handelt der DPS mit OTC- und Rx-Arzneimitteln, Nahrungserg\u00e4nzungsmitteln, di\u00e4tischen Lebensmitteln und Verbandsstoffen.\" \/>\n<meta name=\"robots\" content=\"index, follow, max-snippet:-1, max-image-preview:large, max-video-preview:-1\" \/>\n<link rel=\"canonical\" href=\"https:\/\/dps-wetzlar.de\/en\/wholesale\/\" \/>\n<meta property=\"og:locale\" content=\"en_US\" \/>\n<meta property=\"og:type\" content=\"article\" \/>\n<meta property=\"og:title\" content=\"Pharmazeutischer Gro\u00dfh\u00e4ndler - DPS\" \/>\n<meta property=\"og:description\" content=\"Als pharmazeutischer Gro\u00dfh\u00e4ndler handelt der DPS mit OTC- und Rx-Arzneimitteln, Nahrungserg\u00e4nzungsmitteln, di\u00e4tischen Lebensmitteln und Verbandsstoffen.\" \/>\n<meta property=\"og:url\" content=\"https:\/\/dps-wetzlar.de\/en\/wholesale\/\" \/>\n<meta property=\"og:site_name\" content=\"Dalheim Pharma Service GmbH\" \/>\n<meta property=\"article:modified_time\" content=\"2025-05-19T06:50:48+00:00\" \/>\n<meta name=\"twitter:card\" content=\"summary_large_image\" \/>\n<meta name=\"twitter:label1\" content=\"Est. reading time\" \/>\n\t<meta name=\"twitter:data1\" content=\"1 minute\" \/>\n<script type=\"application\/ld+json\" class=\"yoast-schema-graph\">{\"@context\":\"https:\\\/\\\/schema.org\",\"@graph\":[{\"@type\":\"WebPage\",\"@id\":\"https:\\\/\\\/dps-wetzlar.de\\\/en\\\/wholesale\\\/\",\"url\":\"https:\\\/\\\/dps-wetzlar.de\\\/en\\\/wholesale\\\/\",\"name\":\"Pharmazeutischer Gro\u00dfh\u00e4ndler - DPS\",\"isPartOf\":{\"@id\":\"https:\\\/\\\/dps-wetzlar.de\\\/en\\\/#website\"},\"datePublished\":\"2023-10-25T06:55:15+00:00\",\"dateModified\":\"2025-05-19T06:50:48+00:00\",\"description\":\"Als pharmazeutischer Gro\u00dfh\u00e4ndler handelt der DPS mit OTC- und Rx-Arzneimitteln, Nahrungserg\u00e4nzungsmitteln, di\u00e4tischen Lebensmitteln und Verbandsstoffen.\",\"breadcrumb\":{\"@id\":\"https:\\\/\\\/dps-wetzlar.de\\\/en\\\/wholesale\\\/#breadcrumb\"},\"inLanguage\":\"en-US\",\"potentialAction\":[{\"@type\":\"ReadAction\",\"target\":[\"https:\\\/\\\/dps-wetzlar.de\\\/en\\\/wholesale\\\/\"]}]},{\"@type\":\"BreadcrumbList\",\"@id\":\"https:\\\/\\\/dps-wetzlar.de\\\/en\\\/wholesale\\\/#breadcrumb\",\"itemListElement\":[{\"@type\":\"ListItem\",\"position\":1,\"name\":\"Startseite\",\"item\":\"https:\\\/\\\/dps-wetzlar.de\\\/en\\\/\"},{\"@type\":\"ListItem\",\"position\":2,\"name\":\"Wholesale\"}]},{\"@type\":\"WebSite\",\"@id\":\"https:\\\/\\\/dps-wetzlar.de\\\/en\\\/#website\",\"url\":\"https:\\\/\\\/dps-wetzlar.de\\\/en\\\/\",\"name\":\"Dalheim Pharma Service GmbH\",\"description\":\"\",\"publisher\":{\"@id\":\"https:\\\/\\\/dps-wetzlar.de\\\/en\\\/#organization\"},\"potentialAction\":[{\"@type\":\"SearchAction\",\"target\":{\"@type\":\"EntryPoint\",\"urlTemplate\":\"https:\\\/\\\/dps-wetzlar.de\\\/en\\\/?s={search_term_string}\"},\"query-input\":{\"@type\":\"PropertyValueSpecification\",\"valueRequired\":true,\"valueName\":\"search_term_string\"}}],\"inLanguage\":\"en-US\"},{\"@type\":\"Organization\",\"@id\":\"https:\\\/\\\/dps-wetzlar.de\\\/en\\\/#organization\",\"name\":\"Dalheim Pharma Service\",\"url\":\"https:\\\/\\\/dps-wetzlar.de\\\/en\\\/\",\"logo\":{\"@type\":\"ImageObject\",\"inLanguage\":\"en-US\",\"@id\":\"https:\\\/\\\/dps-wetzlar.de\\\/en\\\/#\\\/schema\\\/logo\\\/image\\\/\",\"url\":\"https:\\\/\\\/dps-wetzlar.de\\\/wp-content\\\/uploads\\\/sites\\\/28\\\/2023\\\/10\\\/asset-0.png\",\"contentUrl\":\"https:\\\/\\\/dps-wetzlar.de\\\/wp-content\\\/uploads\\\/sites\\\/28\\\/2023\\\/10\\\/asset-0.png\",\"width\":504,\"height\":80,\"caption\":\"Dalheim Pharma Service\"},\"image\":{\"@id\":\"https:\\\/\\\/dps-wetzlar.de\\\/en\\\/#\\\/schema\\\/logo\\\/image\\\/\"}}]}<\/script>\n<!-- \/ Yoast SEO plugin. -->","yoast_head_json":{"title":"Pharmazeutischer Gro\u00dfh\u00e4ndler - DPS","description":"Als pharmazeutischer Gro\u00dfh\u00e4ndler handelt der DPS mit OTC- und Rx-Arzneimitteln, Nahrungserg\u00e4nzungsmitteln, di\u00e4tischen Lebensmitteln und Verbandsstoffen.","robots":{"index":"index","follow":"follow","max-snippet":"max-snippet:-1","max-image-preview":"max-image-preview:large","max-video-preview":"max-video-preview:-1"},"canonical":"https:\/\/dps-wetzlar.de\/en\/wholesale\/","og_locale":"en_US","og_type":"article","og_title":"Pharmazeutischer Gro\u00dfh\u00e4ndler - DPS","og_description":"Als pharmazeutischer Gro\u00dfh\u00e4ndler handelt der DPS mit OTC- und Rx-Arzneimitteln, Nahrungserg\u00e4nzungsmitteln, di\u00e4tischen Lebensmitteln und Verbandsstoffen.","og_url":"https:\/\/dps-wetzlar.de\/en\/wholesale\/","og_site_name":"Dalheim Pharma Service GmbH","article_modified_time":"2025-05-19T06:50:48+00:00","twitter_card":"summary_large_image","twitter_misc":{"Est. reading time":"1 minute"},"schema":{"@context":"https:\/\/schema.org","@graph":[{"@type":"WebPage","@id":"https:\/\/dps-wetzlar.de\/en\/wholesale\/","url":"https:\/\/dps-wetzlar.de\/en\/wholesale\/","name":"Pharmazeutischer Gro\u00dfh\u00e4ndler - DPS","isPartOf":{"@id":"https:\/\/dps-wetzlar.de\/en\/#website"},"datePublished":"2023-10-25T06:55:15+00:00","dateModified":"2025-05-19T06:50:48+00:00","description":"Als pharmazeutischer Gro\u00dfh\u00e4ndler handelt der DPS mit OTC- und Rx-Arzneimitteln, Nahrungserg\u00e4nzungsmitteln, di\u00e4tischen Lebensmitteln und Verbandsstoffen.","breadcrumb":{"@id":"https:\/\/dps-wetzlar.de\/en\/wholesale\/#breadcrumb"},"inLanguage":"en-US","potentialAction":[{"@type":"ReadAction","target":["https:\/\/dps-wetzlar.de\/en\/wholesale\/"]}]},{"@type":"BreadcrumbList","@id":"https:\/\/dps-wetzlar.de\/en\/wholesale\/#breadcrumb","itemListElement":[{"@type":"ListItem","position":1,"name":"Startseite","item":"https:\/\/dps-wetzlar.de\/en\/"},{"@type":"ListItem","position":2,"name":"Wholesale"}]},{"@type":"WebSite","@id":"https:\/\/dps-wetzlar.de\/en\/#website","url":"https:\/\/dps-wetzlar.de\/en\/","name":"Dalheim Pharma Service GmbH","description":"","publisher":{"@id":"https:\/\/dps-wetzlar.de\/en\/#organization"},"potentialAction":[{"@type":"SearchAction","target":{"@type":"EntryPoint","urlTemplate":"https:\/\/dps-wetzlar.de\/en\/?s={search_term_string}"},"query-input":{"@type":"PropertyValueSpecification","valueRequired":true,"valueName":"search_term_string"}}],"inLanguage":"en-US"},{"@type":"Organization","@id":"https:\/\/dps-wetzlar.de\/en\/#organization","name":"Dalheim Pharma Service","url":"https:\/\/dps-wetzlar.de\/en\/","logo":{"@type":"ImageObject","inLanguage":"en-US","@id":"https:\/\/dps-wetzlar.de\/en\/#\/schema\/logo\/image\/","url":"https:\/\/dps-wetzlar.de\/wp-content\/uploads\/sites\/28\/2023\/10\/asset-0.png","contentUrl":"https:\/\/dps-wetzlar.de\/wp-content\/uploads\/sites\/28\/2023\/10\/asset-0.png","width":504,"height":80,"caption":"Dalheim Pharma Service"},"image":{"@id":"https:\/\/dps-wetzlar.de\/en\/#\/schema\/logo\/image\/"}}]}},"_links":{"self":[{"href":"https:\/\/dps-wetzlar.de\/en\/wp-json\/wp\/v2\/pages\/264","targetHints":{"allow":["GET"]}}],"collection":[{"href":"https:\/\/dps-wetzlar.de\/en\/wp-json\/wp\/v2\/pages"}],"about":[{"href":"https:\/\/dps-wetzlar.de\/en\/wp-json\/wp\/v2\/types\/page"}],"author":[{"embeddable":true,"href":"https:\/\/dps-wetzlar.de\/en\/wp-json\/wp\/v2\/users\/3"}],"replies":[{"embeddable":true,"href":"https:\/\/dps-wetzlar.de\/en\/wp-json\/wp\/v2\/comments?post=264"}],"version-history":[{"count":5,"href":"https:\/\/dps-wetzlar.de\/en\/wp-json\/wp\/v2\/pages\/264\/revisions"}],"predecessor-version":[{"id":535,"href":"https:\/\/dps-wetzlar.de\/en\/wp-json\/wp\/v2\/pages\/264\/revisions\/535"}],"wp:attachment":[{"href":"https:\/\/dps-wetzlar.de\/en\/wp-json\/wp\/v2\/media?parent=264"}],"curies":[{"name":"wp","href":"https:\/\/api.w.org\/{rel}","templated":true}]}}