{"id":123,"date":"2023-10-25T08:53:40","date_gmt":"2023-10-25T06:53:40","guid":{"rendered":"https:\/\/greyd.tilmann-ruppert.de\/dps-wetzlar\/?page_id=123"},"modified":"2023-10-25T16:17:47","modified_gmt":"2023-10-25T14:17:47","slug":"agbs","status":"publish","type":"page","link":"https:\/\/dps-wetzlar.de\/en\/agbs\/","title":{"rendered":"AGBs"},"content":{"rendered":"<div  class=\"row_wrap has-background\"><div id='bg_69df3ea95a645' class='greyd-background bg_full'>\n\t\t\t\t\t\t\t\t<div class='bg_gradient'><\/div>\n\t\t\t\t\t\t\t\t\n\t\t\t\t\t\t\t\t\n\t\t\t\t\t\t\t\t\n\t\t\t\t\t\t\t<\/div>\n<div class=\"wp-block-columns row_xxl has-background is-layout-flex wp-container-core-columns-is-layout-1 wp-block-columns-is-layout-flex\" style=\"background:linear-gradient(0deg,rgba(247,250,250,0) 0%,rgba(247,250,252,0) 23%,var(--color23) 23%,var(--color23) 100%)\">\n<div class=\"wp-block-column col-12 col-sm-auto is-layout-flow wp-block-column-is-layout-flow\">\n<div id=\"greyd-69df3ea95a3f5\" class=\"wp-block-greyd-box gs_mXSzYi greyd-content-box gs_mXSzYi\"><\/div>\n<\/div>\n<\/div>\n<\/div>\n\n<div  class=\"gs_RqiH6r row_wrap\">\n<div class=\"wp-block-columns row_xxl is-layout-flex wp-container-core-columns-is-layout-2 wp-block-columns-is-layout-flex\">\n<div class=\"wp-block-column col-12 col-sm-auto is-layout-flow wp-block-column-is-layout-flow\">\n<h1 class=\"wp-block-heading\">Allgemeine Gesch\u00e4ftsbedingungen<\/h1>\n\n\n\n<p><strong>\u00a7 1 Geltungsbereich<\/strong><\/p>\n\n\n\n<p>01.08.2022<\/p>\n\n\n\n<p>(1) F\u00fcr s\u00e4mtliche Lieferungsvertr\u00e4ge zwischen uns und unseren Abnehmern, soweit es sich um Unternehmer im Sinne des \u00a7 14 BGB, juristische Personen des \u00f6ffentlichen Rechts oder \u00f6ffentlich- rechtliche Sonderverm\u00f6gen handelt, gelten ausschlie\u00dflich die nachstehenden Allgemeinen Lieferungsbedingungen. Der Abnehmer erkennt diese Bedingungen sp\u00e4testens durch Auftragserteilung oder durch Annahme der Lieferung an.<\/p>\n\n\n\n<p>(2) M\u00fcndliche Nebenabreden wurden nicht getroffen. Von unseren Lieferungsbedingungen abweichende oder sie erg\u00e4nzende Individualabreden sind zu Beweiszwecken schriftlich niederzulegen. Soweit nichts anderes vereinbart ist, gelten sie nur f\u00fcr den Einzelfall.<\/p>\n\n\n\n<p>(3) Unsere AGB gelten im Falle von laufenden Gesch\u00e4ftsbeziehungen auch f\u00fcr alle k\u00fcnftigen Gesch\u00e4fte zwischen uns und dem Besteller, auch wenn sie nicht nochmals im Einzelfall ausdr\u00fccklich einbezogen werden.<br>(4) F\u00fcr die Gesch\u00e4ftsbeziehung, insbesondere f\u00fcr Bestellungen und Lieferungen sowie f\u00fcr Streitigkeiten aus dem Vertragsverh\u00e4ltnis ist das Recht der Bundesrepublik Deutschland, so wie es f\u00fcr Gesch\u00e4fte zwischen Inl\u00e4ndern im Inland gilt, ausschlie\u00dflich ma\u00dfgebend.<\/p>\n\n\n\n<p><strong>\u00a7 2 Vertragsschluss<\/strong><\/p>\n\n\n\n<p>(1) Unsere Angebote sind freibleibend und unverbindlich, es sei denn, dass wir diese ausdr\u00fccklich als verbindlich bezeichnet haben. Das Vertragsangebot liegt erst in der Auftragserteilung durch den Abnehmer. Das Vertragsangebot gilt erst dann als angenommen, wenn wir den Auftrag durch Lieferung, Rechnungserteilung oder besonderes Schreiben best\u00e4tigt haben.<\/p>\n\n\n\n<p><strong>\u00a7 3 Preis<\/strong><\/p>\n\n\n\n<p>(1) Es gelten die in der IFA-Datenbank gelisteten Preise, Irrtum vorbehalten. Berechnungsgrundlage bildet der zum Zeitpunkt der Rechnungsstellung g\u00fcltige Preis laut IFA-Datenbank, abz\u00fcglich der vereinbarten Kondition.<\/p>\n\n\n\n<p>(2) Die gesetzliche Mehrwertsteuer ist nicht in unseren Preisen eingeschlossen. Sie wird in gesetzlicher H\u00f6he am Tag der Lieferung in der Rechnung gesondert ausgewiesen.<\/p>\n\n\n\n<p><strong>\u00a7 4 Lieferung und Gefahr\u00fcbergang<\/strong><\/p>\n\n\n\n<p>(1) Die Lieferung erfolgt, sofern nichts anderes vereinbart ist, ab unserem Lager, in Ausnahmef\u00e4llen ab Lager von unseren Lieferanten. Versandart und Versandweg werden von uns bestimmt.<\/p>\n\n\n\n<p>(2) Liefertermine oder -fristen sind nur verbindlich, wenn sie ausdr\u00fccklich als verbindlich vereinbart worden sind. Wir sind zu Teillieferungen berechtigt, sofern dies f\u00fcr den Abnehmer zumutbar ist.<\/p>\n\n\n\n<p>(3) Vereinbarte Lieferfristen beginnen zu laufen, wenn der Abnehmer alle Voraussetzungen f\u00fcr die Lieferung erf\u00fcllt hat. Wir sind berechtigt, auch vor dem vereinbarten Liefertermin zu liefern. Ist kein Liefertermin vereinbart, sind wir berechtigt, sofort zu liefern.<\/p>\n\n\n\n<p>(4) Werden wir, soweit f\u00fcr uns erst nach Vertragsschluss erkennbar, durch h\u00f6here Gewalt, Naturkatastrophen, Arbeitskampfma\u00dfnahmen, beh\u00f6rdliche Eingriffe, Versorgungsschwierigkeiten, Verkehrsst\u00f6rungen, Betriebsst\u00f6rungen, fehlende rechtzeitige Belieferung durch unsere Vorlieferanten oder aus anderen gleichartigen Gr\u00fcnden an der rechtzeitigen Erf\u00fcllung unserer Lieferverpflichtung gehindert, so haben wir dies nicht zu vertreten und ruht unsere Lieferverpflichtung f\u00fcr die Dauer des Hindernisses und im Umfang seiner Wirkung. Ist dies f\u00fcr den Abnehmer nicht zumutbar, so ist er nach Ablauf einer von ihm zu setzenden angemessenen Frist berechtigt, vom Vertrag zur\u00fcckzutreten. Eine Fristsetzung ist nicht erforderlich in den im Gesetz genannten F\u00e4llen (\u00a7 323 Absatz 2 und 4, \u00a7 326 Absatz 5 BGB). Ein Anspruch auf Schadensersatz oder Aufwendungsersatz ist ausgeschlossen. Haben wir eine Teilleistung bewirkt, so kann der Abnehmer vom ganzen Vertrag nur zur\u00fccktreten, wenn er an der Teilleistung kein Interesse hat. Bei Lieferverz\u00f6gerungen, die der Abnehmer zu vertreten hat, verl\u00e4ngern bzw. verschieben sich vereinbarte Lieferfristen und Liefertermine entsprechend.<\/p>\n\n\n\n<p>(5) Wird die Ware dem Abnehmer auf dessen Wunsch zugesandt, so geht mit der Auslieferung der Ware an unseren Versandbeauftragten, sp\u00e4testens jedoch mit dem Verlassen unseres Lagers die Gefahr des zuf\u00e4lligen Untergangs und einer zuf\u00e4lligen Verschlechterung der Ware auf den Abnehmer unabh\u00e4ngig davon \u00fcber, ob die Versendung vom Erf\u00fcllungsort aus erfolgt und wer die Frachtkosten tr\u00e4gt. Verz\u00f6gert sich die Auslieferung aus Gr\u00fcnden, die der Abnehmer zu vertreten hat, so tritt der Gefahr\u00fcbergang bereits mit der Anzeige der Versandbereitschaft ein. Wir sind nicht verpflichtet, das Versandgut zu versichern.<\/p>\n\n\n\n<p>(6) Kommt der Abnehmer in Annahmeverzug oder verletzt er sonstige Mitwirkungspflichten, so sind wir berechtigt, Ersatz des uns entstandenen Schadens einschlie\u00dflich etwaiger Mehraufwendungen zu verlangen. In diesem Fall geht auch die Gefahr eines zuf\u00e4lligen Untergangs oder einer zuf\u00e4lligen Verschlechterung der Kaufsache in dem Zeitpunkt auf den Abnehmer \u00fcber, in dem dieser in Annahmeverzug ger\u00e4t oder er seine Mitwirkungspflichten verletzt und sich dadurch die Versendung verz\u00f6gert.<\/p>\n\n\n\n<p><strong>\u00a7 5 Zahlung<\/strong><\/p>\n\n\n\n<p>(1) Unsere Rechnungen gelten als anerkannt, wenn der Abnehmer ihnen nicht innerhalb von 8 Tagen nach Zugang schriftlich widersprochen hat; wir sind verpflichtet, den Abnehmer bei Beginn der Frist auf die vorgesehene Bedeutung seines Verhaltens besonders hinzuweisen.<\/p>\n\n\n\n<p>(2) Unsere Rechnungen sind vorbehaltlich anderer vertraglicher Vereinbarungen sofort zur Zahlung f\u00e4llig. Als Zeitpunkt der Zahlung gilt der Tag der Gutschrift auf unserem Konto.<\/p>\n\n\n\n<p>(3) Zur Vereinfachung des Zahlungsverkehrs empfehlen wir, dem Abnehmer sich dem SEPA- Basislastschriftverfahren (Bankeinzug) anzuschlie\u00dfen. Ein entsprechendes Formular k\u00f6nnen Sie jederzeit von uns erhalten. Der Bankeinzug erfolgt innerhalb von 7 Tagen ab Rechnungsdatum ohne Abzug. Den einzuziehenden Betrag, den Belastungstermin, unsere Gl\u00e4ubiger-Identifikationsnummer und die Mandatsreferenz weisen wir auf unseren Rechnungen aus.<\/p>\n\n\n\n<p>(4) Eine Zahlung per \u00dcberweisung sofort nach Rechnungserhalt sp\u00e4testens jedoch nach 7 Kalendertagen ist ebenfalls m\u00f6glich.<\/p>\n\n\n\n<p>(5) Bei \u00dcberschreitung der Zahlungsziele werden unbeschadet weiterer Rechte Mahngeb\u00fchren erhoben.<\/p>\n\n\n\n<p>(6) Bei Auslandsbestellungen behalten wir uns die Forderung einer Vorauskasse vor.<\/p>\n\n\n\n<p>(7) Die gesetzliche MwSt. ist nicht in unsere Preise eingeschlossen. Sie wird in gesetzlicher H\u00f6he am Tag der Lieferung in der Rechnung gesondert ausgewiesen.<\/p>\n\n\n\n<p><strong>\u00a7 6 Reklamationen\/Retouren<\/strong><\/p>\n\n\n\n<p>(1) Als Retoure k\u00f6nnen wir nur vollst\u00e4ndige und unbesch\u00e4digte Originalware akzeptieren. Wir k\u00f6nnen nur Pr\u00e4perate erstatten, die bei uns direkt bestellt wurden.<\/p>\n\n\n\n<p>(2) Reklamationen sind innerhalb von 8 Kalendertagen nach Rechnungsstellung schriftlich anzumelden. Beanstandete Ware ist unverz\u00fcglich und ordnungsgem\u00e4\u00df verpackt zur\u00fcckzugeben. Unterl\u00e4sst der Abnehmer die rechtzeitige und formgerechte Anzeige, so gilt die Ware als genehmigt.<\/p>\n\n\n\n<p>(3) Die Reklamation kann erst bearbeitet werden, wenn uns ein Retourenschreiben, eine Kopie der Rechnung oder des Lieferscheines per E-Mail oder Fax vom Abnehmer \u00fcbersandt wurde.<\/p>\n\n\n\n<p>(4) &nbsp;Unfreie Sendungen werden nicht angenommen. Portokosten werden nicht erstattet.<\/p>\n\n\n\n<p>(5) &nbsp;Bei offenen Transportsch\u00e4den wird eine Best\u00e4tigung des Spediteurs und Bildmaterial der besch\u00e4digten Palette ben\u00f6tigt.<\/p>\n\n\n\n<p>(6) Bei verdeckten Transportsch\u00e4den\/Fehlmengen- oder \u00dcberlieferungen\/Falschlieferung erhalten Sie als Erstattung eine kostenlose Ersatzlieferung oder eine Warengutschrift.<\/p>\n\n\n\n<p>(7) Eine Erstattung bei Ware mit einer Restlautzeit von weniger als 12 Monaten zum Lieferzeitpunkt, muss ein R\u00fcckgaberecht nach Absprache auf Ihrem Lieferschein vermerkt sein. Beim Nachkauf des jeweiligen Artikels entf\u00e4llt das R\u00fcckgaberecht. Ware deren Haltbarkeitsdatum abgelaufen ist k\u00f6nnen nicht mehr erstattet werden.<\/p>\n\n\n\n<p>(8) Fehlbestellungen durch den Abnehmer k\u00f6nnen nicht zur\u00fcckgenommen, erstattet oder umgetauscht werden.<\/p>\n\n\n\n<p>(9) Kurzl\u00e4ufige Artikel werden nur bei Meldung innerhalb von 8 Kalendertagen gutgeschrieben, sowie ausschlie\u00dflich bei noch verkehrsf\u00e4higer Ware. Ansonsten wird eine Vernichtungserkl\u00e4rung ausgestellt. Bei Verfallartikeln wird ausschlie\u00dflich eine Vernichtungserkl\u00e4rung erstellt.<\/p>\n\n\n\n<p><strong>\u00a7 7 Eigentumsvorbehalt<\/strong><\/p>\n\n\n\n<p>(1) Bis zur vollst\u00e4ndigen Bezahlung aller Forderungen aus dem Vertragsverh\u00e4ltnis und sonstiger Forderungen, welche wir gegen den Besteller im unmittelbaren Zusammenhang mit der gelieferten Ware nachtr\u00e4glich \u2013 gleich aus welchem Rechtsgrund \u2013 erwerben, bleibt die gelieferte Ware unser Eigentum. Bei vertragswidrigem Verhalten des Abnehmers, insbesondere bei Zahlungsverzug sind wir berechtigt, die Kaufsache zur\u00fcckzunehmen.<\/p>\n\n\n\n<p>Nach Zur\u00fccknahme der Kaufsache durch uns liegt ein R\u00fccktritt vom Vertrag vor. Wir sind nach R\u00fccknahme der Kaufsache zu deren Verwertung befugt. Der Verwertungserl\u00f6s ist auf die Verbindlichkeiten des Abnehmers abz\u00fcglich angemessener Verwertungskosten anzurechnen.<br>Bei Pf\u00e4ndungen oder sonstigen Eingriffen Dritter hat uns der Abnehmer unverz\u00fcglich schriftlich zu benachrichtigen, damit wir Klage gem\u00e4\u00df \u00a7 771 ZPO erheben k\u00f6nnen.<\/p>\n\n\n\n<p>Soweit der Dritte nicht in der Lage ist, uns die gerichtlichen und au\u00dfergerichtlichen Kosten einer Klage gem\u00e4\u00df \u00a7 771 ZPO zu erstatten, haftet der Abnehmer f\u00fcr den uns entstandenen Schaden.<\/p>\n\n\n\n<p><strong>\u00a7 8 Datenschutz<\/strong><\/p>\n\n\n\n<p>(1) Wir erheben, speichern oder \u00fcbermitteln personenbezogene Daten ausschlie\u00dflich im Rahmen des zur Erf\u00fcllung unserer Gesch\u00e4ftszwecke Erforderlichen nach Ma\u00dfgabe der geltenden datenschutzrechtlichen Bestimmungen.<\/p>\n\n\n\n<p>(2) Auf Anforderung teilen wir dem Abnehmer schriftlich mit, ob und gegebenenfalls welche pers\u00f6nliche(n) Daten \u00fcber ihn bei uns gespeichert sind.<\/p>\n\n\n\n<p>(3) Der Abnehmer kann diese Einwilligung jederzeit mit Wirkung f\u00fcr die Zukunft widerrufen.<br>Wir verpflichten uns f\u00fcr diesen Fall zur unverz\u00fcglichen L\u00f6schung der personenbezogenen Daten, sofern alle Bestellvorg\u00e4nge vollst\u00e4ndig abgewickelt sind<\/p>\n\n\n\n<p><strong>\u00a7 9 Erf\u00fcllungsort, Gerichtstand, anzuwendendes Recht<\/strong><\/p>\n\n\n\n<p>(1) Erf\u00fcllungsort f\u00fcr alle Verpflichtungen aus dem Vertragsverh\u00e4ltnis ist Wetzlar. (2) Der Gerichtsstand f\u00fcr alle Streitigkeiten aus diesem Vertragsverh\u00e4ltnis ist f\u00fcr<\/p>\n\n\n\n<p>Vollkaufleute, juristische Personen des \u00f6ffentlichen Rechts oder \u00f6ffentlich-rechtliche Sonderverm\u00f6gen Wetzlar.<\/p>\n\n\n\n<p>(3) Hat der Abnehmer keinen allgemeinen Gerichtsstand in Deutschland oder in einem anderen EU- Mitgliedstaat, ist ausschlie\u00dflich Gerichtsstand f\u00fcr s\u00e4mtliche Streitigkeiten aus diesem Vertrag Saarbr\u00fccken.<\/p>\n\n\n\n<p>(4) Es gilt das Recht der Bundesrepublik Deutschland.<\/p>\n\n\n\n<p><strong>\u00a7 10 Salvatorische Klausel<\/strong><\/p>\n\n\n\n<p>(1) Die Unwirksamkeit einer oder mehrerer Bestimmungen in diesen &#8220;Allgemeinen Gesch\u00e4ftsbedingungen&#8221; ber\u00fchrt nicht die Wirksamkeit der anderen Bestimmungen. Im Besonderen wird die Wirksamkeit des Vertrages durch die Unwirksamkeit einer einzelnen oder mehrerer Bestimmungen nicht ber\u00fchrt.<\/p>\n<\/div>\n<\/div>\n<\/div>","protected":false},"excerpt":{"rendered":"<p>Allgemeine Gesch\u00e4ftsbedingungen \u00a7 1 Geltungsbereich 01.08.2022 (1) F\u00fcr s\u00e4mtliche Lieferungsvertr\u00e4ge zwischen uns und unseren Abnehmern, soweit es sich um Unternehmer im Sinne des \u00a7 14 BGB, juristische Personen des \u00f6ffentlichen Rechts oder \u00f6ffentlich- rechtliche Sonderverm\u00f6gen handelt, gelten ausschlie\u00dflich die nachstehenden Allgemeinen Lieferungsbedingungen. Der Abnehmer erkennt diese Bedingungen sp\u00e4testens durch Auftragserteilung oder durch Annahme der Lieferung [&hellip;]<\/p>\n","protected":false},"author":3,"featured_media":0,"parent":0,"menu_order":0,"comment_status":"closed","ping_status":"closed","template":"","meta":{"greyd_block_editor_preview":[],"footnotes":""},"class_list":["post-123","page","type-page","status-publish","hentry"],"yoast_head":"<!-- This site is optimized with the Yoast SEO plugin v27.3 - https:\/\/yoast.com\/product\/yoast-seo-wordpress\/ -->\n<title>Allgemeine Gesch\u00e4ftsbedingungen des Dalheim Pharma Service - DPS<\/title>\n<meta name=\"description\" content=\"Hier finden Sie die Allgemeinen Gesch\u00e4ftsbesdingungen des Dalheim Pharma Service.\" \/>\n<meta name=\"robots\" content=\"index, follow, max-snippet:-1, max-image-preview:large, max-video-preview:-1\" \/>\n<link rel=\"canonical\" href=\"https:\/\/dps-wetzlar.de\/en\/agbs\/\" \/>\n<meta property=\"og:locale\" content=\"en_US\" \/>\n<meta property=\"og:type\" content=\"article\" \/>\n<meta property=\"og:title\" content=\"Allgemeine Gesch\u00e4ftsbedingungen des Dalheim Pharma Service - DPS\" \/>\n<meta property=\"og:description\" content=\"Hier finden Sie die Allgemeinen Gesch\u00e4ftsbesdingungen des Dalheim Pharma Service.\" \/>\n<meta property=\"og:url\" content=\"https:\/\/dps-wetzlar.de\/en\/agbs\/\" \/>\n<meta property=\"og:site_name\" content=\"Dalheim Pharma Service GmbH\" \/>\n<meta property=\"article:modified_time\" content=\"2023-10-25T14:17:47+00:00\" \/>\n<meta name=\"twitter:card\" content=\"summary_large_image\" \/>\n<meta name=\"twitter:label1\" content=\"Est. reading time\" \/>\n\t<meta name=\"twitter:data1\" content=\"8 minutes\" \/>\n<script type=\"application\/ld+json\" class=\"yoast-schema-graph\">{\"@context\":\"https:\\\/\\\/schema.org\",\"@graph\":[{\"@type\":\"WebPage\",\"@id\":\"https:\\\/\\\/dps-wetzlar.de\\\/en\\\/agbs\\\/\",\"url\":\"https:\\\/\\\/dps-wetzlar.de\\\/en\\\/agbs\\\/\",\"name\":\"Allgemeine Gesch\u00e4ftsbedingungen des Dalheim Pharma Service - DPS\",\"isPartOf\":{\"@id\":\"https:\\\/\\\/dps-wetzlar.de\\\/en\\\/#website\"},\"datePublished\":\"2023-10-25T06:53:40+00:00\",\"dateModified\":\"2023-10-25T14:17:47+00:00\",\"description\":\"Hier finden Sie die Allgemeinen Gesch\u00e4ftsbesdingungen des Dalheim Pharma Service.\",\"breadcrumb\":{\"@id\":\"https:\\\/\\\/dps-wetzlar.de\\\/en\\\/agbs\\\/#breadcrumb\"},\"inLanguage\":\"en-US\",\"potentialAction\":[{\"@type\":\"ReadAction\",\"target\":[\"https:\\\/\\\/dps-wetzlar.de\\\/en\\\/agbs\\\/\"]}]},{\"@type\":\"BreadcrumbList\",\"@id\":\"https:\\\/\\\/dps-wetzlar.de\\\/en\\\/agbs\\\/#breadcrumb\",\"itemListElement\":[{\"@type\":\"ListItem\",\"position\":1,\"name\":\"Startseite\",\"item\":\"https:\\\/\\\/dps-wetzlar.de\\\/en\\\/\"},{\"@type\":\"ListItem\",\"position\":2,\"name\":\"AGBs\"}]},{\"@type\":\"WebSite\",\"@id\":\"https:\\\/\\\/dps-wetzlar.de\\\/en\\\/#website\",\"url\":\"https:\\\/\\\/dps-wetzlar.de\\\/en\\\/\",\"name\":\"Dalheim Pharma Service GmbH\",\"description\":\"\",\"publisher\":{\"@id\":\"https:\\\/\\\/dps-wetzlar.de\\\/en\\\/#organization\"},\"potentialAction\":[{\"@type\":\"SearchAction\",\"target\":{\"@type\":\"EntryPoint\",\"urlTemplate\":\"https:\\\/\\\/dps-wetzlar.de\\\/en\\\/?s={search_term_string}\"},\"query-input\":{\"@type\":\"PropertyValueSpecification\",\"valueRequired\":true,\"valueName\":\"search_term_string\"}}],\"inLanguage\":\"en-US\"},{\"@type\":\"Organization\",\"@id\":\"https:\\\/\\\/dps-wetzlar.de\\\/en\\\/#organization\",\"name\":\"Dalheim Pharma Service\",\"url\":\"https:\\\/\\\/dps-wetzlar.de\\\/en\\\/\",\"logo\":{\"@type\":\"ImageObject\",\"inLanguage\":\"en-US\",\"@id\":\"https:\\\/\\\/dps-wetzlar.de\\\/en\\\/#\\\/schema\\\/logo\\\/image\\\/\",\"url\":\"https:\\\/\\\/dps-wetzlar.de\\\/wp-content\\\/uploads\\\/sites\\\/28\\\/2023\\\/10\\\/asset-0.png\",\"contentUrl\":\"https:\\\/\\\/dps-wetzlar.de\\\/wp-content\\\/uploads\\\/sites\\\/28\\\/2023\\\/10\\\/asset-0.png\",\"width\":504,\"height\":80,\"caption\":\"Dalheim Pharma Service\"},\"image\":{\"@id\":\"https:\\\/\\\/dps-wetzlar.de\\\/en\\\/#\\\/schema\\\/logo\\\/image\\\/\"}}]}<\/script>\n<!-- \/ Yoast SEO plugin. -->","yoast_head_json":{"title":"Allgemeine Gesch\u00e4ftsbedingungen des Dalheim Pharma Service - DPS","description":"Hier finden Sie die Allgemeinen Gesch\u00e4ftsbesdingungen des Dalheim Pharma Service.","robots":{"index":"index","follow":"follow","max-snippet":"max-snippet:-1","max-image-preview":"max-image-preview:large","max-video-preview":"max-video-preview:-1"},"canonical":"https:\/\/dps-wetzlar.de\/en\/agbs\/","og_locale":"en_US","og_type":"article","og_title":"Allgemeine Gesch\u00e4ftsbedingungen des Dalheim Pharma Service - DPS","og_description":"Hier finden Sie die Allgemeinen Gesch\u00e4ftsbesdingungen des Dalheim Pharma Service.","og_url":"https:\/\/dps-wetzlar.de\/en\/agbs\/","og_site_name":"Dalheim Pharma Service GmbH","article_modified_time":"2023-10-25T14:17:47+00:00","twitter_card":"summary_large_image","twitter_misc":{"Est. reading time":"8 minutes"},"schema":{"@context":"https:\/\/schema.org","@graph":[{"@type":"WebPage","@id":"https:\/\/dps-wetzlar.de\/en\/agbs\/","url":"https:\/\/dps-wetzlar.de\/en\/agbs\/","name":"Allgemeine Gesch\u00e4ftsbedingungen des Dalheim Pharma Service - DPS","isPartOf":{"@id":"https:\/\/dps-wetzlar.de\/en\/#website"},"datePublished":"2023-10-25T06:53:40+00:00","dateModified":"2023-10-25T14:17:47+00:00","description":"Hier finden Sie die Allgemeinen Gesch\u00e4ftsbesdingungen des Dalheim Pharma Service.","breadcrumb":{"@id":"https:\/\/dps-wetzlar.de\/en\/agbs\/#breadcrumb"},"inLanguage":"en-US","potentialAction":[{"@type":"ReadAction","target":["https:\/\/dps-wetzlar.de\/en\/agbs\/"]}]},{"@type":"BreadcrumbList","@id":"https:\/\/dps-wetzlar.de\/en\/agbs\/#breadcrumb","itemListElement":[{"@type":"ListItem","position":1,"name":"Startseite","item":"https:\/\/dps-wetzlar.de\/en\/"},{"@type":"ListItem","position":2,"name":"AGBs"}]},{"@type":"WebSite","@id":"https:\/\/dps-wetzlar.de\/en\/#website","url":"https:\/\/dps-wetzlar.de\/en\/","name":"Dalheim Pharma Service GmbH","description":"","publisher":{"@id":"https:\/\/dps-wetzlar.de\/en\/#organization"},"potentialAction":[{"@type":"SearchAction","target":{"@type":"EntryPoint","urlTemplate":"https:\/\/dps-wetzlar.de\/en\/?s={search_term_string}"},"query-input":{"@type":"PropertyValueSpecification","valueRequired":true,"valueName":"search_term_string"}}],"inLanguage":"en-US"},{"@type":"Organization","@id":"https:\/\/dps-wetzlar.de\/en\/#organization","name":"Dalheim Pharma Service","url":"https:\/\/dps-wetzlar.de\/en\/","logo":{"@type":"ImageObject","inLanguage":"en-US","@id":"https:\/\/dps-wetzlar.de\/en\/#\/schema\/logo\/image\/","url":"https:\/\/dps-wetzlar.de\/wp-content\/uploads\/sites\/28\/2023\/10\/asset-0.png","contentUrl":"https:\/\/dps-wetzlar.de\/wp-content\/uploads\/sites\/28\/2023\/10\/asset-0.png","width":504,"height":80,"caption":"Dalheim Pharma Service"},"image":{"@id":"https:\/\/dps-wetzlar.de\/en\/#\/schema\/logo\/image\/"}}]}},"_links":{"self":[{"href":"https:\/\/dps-wetzlar.de\/en\/wp-json\/wp\/v2\/pages\/123","targetHints":{"allow":["GET"]}}],"collection":[{"href":"https:\/\/dps-wetzlar.de\/en\/wp-json\/wp\/v2\/pages"}],"about":[{"href":"https:\/\/dps-wetzlar.de\/en\/wp-json\/wp\/v2\/types\/page"}],"author":[{"embeddable":true,"href":"https:\/\/dps-wetzlar.de\/en\/wp-json\/wp\/v2\/users\/3"}],"replies":[{"embeddable":true,"href":"https:\/\/dps-wetzlar.de\/en\/wp-json\/wp\/v2\/comments?post=123"}],"version-history":[{"count":2,"href":"https:\/\/dps-wetzlar.de\/en\/wp-json\/wp\/v2\/pages\/123\/revisions"}],"predecessor-version":[{"id":359,"href":"https:\/\/dps-wetzlar.de\/en\/wp-json\/wp\/v2\/pages\/123\/revisions\/359"}],"wp:attachment":[{"href":"https:\/\/dps-wetzlar.de\/en\/wp-json\/wp\/v2\/media?parent=123"}],"curies":[{"name":"wp","href":"https:\/\/api.w.org\/{rel}","templated":true}]}}