{"id":119,"date":"2023-10-25T08:53:16","date_gmt":"2023-10-25T06:53:16","guid":{"rendered":"https:\/\/greyd.tilmann-ruppert.de\/dps-wetzlar\/?page_id=119"},"modified":"2024-10-16T16:00:32","modified_gmt":"2024-10-16T14:00:32","slug":"impressum","status":"publish","type":"page","link":"https:\/\/dps-wetzlar.de\/en\/impressum\/","title":{"rendered":"Impressum"},"content":{"rendered":"<div  class=\"row_wrap has-background\"><div id='bg_69df3d9fcb60c' class='greyd-background bg_full'>\n\t\t\t\t\t\t\t\t<div class='bg_gradient'><\/div>\n\t\t\t\t\t\t\t\t\n\t\t\t\t\t\t\t\t\n\t\t\t\t\t\t\t\t\n\t\t\t\t\t\t\t<\/div>\n<div class=\"wp-block-columns row_xxl has-background is-layout-flex wp-container-core-columns-is-layout-1 wp-block-columns-is-layout-flex\" style=\"background:linear-gradient(0deg,rgba(247,250,250,0) 0%,rgba(247,250,252,0) 23%,var(--color23) 23%,var(--color23) 100%)\">\n<div class=\"wp-block-column col-12 col-sm-auto is-layout-flow wp-block-column-is-layout-flow\">\n<div id=\"greyd-69df3d9fcb3ac\" class=\"wp-block-greyd-box gs_mXSzYi greyd-content-box gs_mXSzYi\"><\/div>\n<\/div>\n<\/div>\n<\/div>\n\n<div  class=\"gs_4dHsax row_wrap\">\n<div class=\"wp-block-columns row_xxl is-layout-flex wp-container-core-columns-is-layout-2 wp-block-columns-is-layout-flex\">\n<div class=\"wp-block-column col-12 col-sm-auto is-layout-flow wp-block-column-is-layout-flow\">\n<h1 class=\"wp-block-heading\">Impressum<\/h1>\n\n\n\n<p>Angaben gem\u00e4\u00df \u00a7 5 TMG:<\/p>\n\n\n\n<p><strong>DALHEIM PHARMA SERVICE GmbH<\/strong><\/p>\n\n\n\n<p>Inhaberin:<br>Stephanie Peter<br>Hohe Stra\u00dfe 21<br>35576 Wetzlar<\/p>\n\n\n\n<p>Telefon: +49 6441 50160<br>Telefax: +49 6441 501650<br>E-Mail:&nbsp;<a href=\"mailto:info@dalheimpharmaservice.de\">info@dalheimpharmaservice.de<\/a><\/p>\n\n\n\n<p><strong>Gesch\u00e4ftsf\u00fchrer<\/strong><br>Dr. Tim Hellwig<\/p>\n\n\n\n<p><strong>Registereintrag<\/strong><br>Eingetragen im Handelsregister am Registergericht: Amtsgericht Wetzlar mit Registernummer: HR B 8546<\/p>\n\n\n\n<p><strong>Umsatzsteuer-ID<\/strong><br>Umsatzsteuer-Identifikationsnummer nach \u00a727a Umsatzsteuergesetz: DE 352 062 850<\/p>\n\n\n\n<p><strong>Aufsichtsbeh\u00f6rde<\/strong><br><a href=\"http:\/\/www.rp-darmstadt.hessen.de\/irj\/RPDA_Internet?cid=007524fb58d5d1271fc4a412d7cd7e39\">Regierungspr\u00e4sidium Darmstadt\u00a0<\/a>Luisenplatz 2, 64283 Darmstadt<\/p>\n\n\n\n<p>Bio-Kontrollstellennummer DE-HE-21402-H<\/p>\n\n\n\n<p><strong>Bildrechte<\/strong><br>Eigene Aufnahmen, Nutzung durch Erwerb erlaubt (Bio-Zertifikat)<br>Bild Apothekenkooperation-Hero:<strong>&nbsp;Adobe Stock \u2013&nbsp;<\/strong><a href=\"https:\/\/stock.adobe.com\/de\/contributor\/203307601\/benjaminnolte?load_type=author&amp;prev_url=detail\">benjaminnolte<\/a><\/p>\n\n\n\n<p>Plattform der EU-Kommission zur Online-Streitbeilegung:&nbsp;<a href=\"http:\/\/www.ec.europa.eu\/consumers\/odr\">www.ec.europa.eu\/consumers\/odr<\/a><\/p>\n\n\n\n<p>Unsere AGBs finden Sie&nbsp;<a href=\"https:\/\/greyd.tilmann-ruppert.de\/dps-wetzlar\/en\/agbs\/\">hier<\/a><\/p>\n<\/div>\n<\/div>\n<\/div>","protected":false},"excerpt":{"rendered":"<p>Impressum Angaben gem\u00e4\u00df \u00a7 5 TMG: DALHEIM PHARMA SERVICE GmbH Inhaberin:Stephanie PeterHohe Stra\u00dfe 2135576 Wetzlar Telefon: +49 6441 50160Telefax: +49 6441 501650E-Mail:&nbsp;info@dalheimpharmaservice.de Gesch\u00e4ftsf\u00fchrerDr. Tim Hellwig RegistereintragEingetragen im Handelsregister am Registergericht: Amtsgericht Wetzlar mit Registernummer: HR B 8546 Umsatzsteuer-IDUmsatzsteuer-Identifikationsnummer nach \u00a727a Umsatzsteuergesetz: DE 352 062 850 Aufsichtsbeh\u00f6rdeRegierungspr\u00e4sidium Darmstadt\u00a0Luisenplatz 2, 64283 Darmstadt Bio-Kontrollstellennummer DE-HE-21402-H BildrechteEigene Aufnahmen, Nutzung [&hellip;]<\/p>\n","protected":false},"author":3,"featured_media":0,"parent":0,"menu_order":0,"comment_status":"closed","ping_status":"closed","template":"","meta":{"greyd_block_editor_preview":[],"footnotes":""},"class_list":["post-119","page","type-page","status-publish","hentry"],"yoast_head":"<!-- This site is optimized with the Yoast SEO plugin v27.3 - https:\/\/yoast.com\/product\/yoast-seo-wordpress\/ -->\n<title>Impressum - DPS<\/title>\n<meta name=\"description\" content=\"Dalheim Pharma Service GmbH | Hohe Stra\u00dfe 21 | 35576 Wetzlar\" \/>\n<meta name=\"robots\" content=\"index, follow, max-snippet:-1, max-image-preview:large, max-video-preview:-1\" \/>\n<link rel=\"canonical\" href=\"https:\/\/dps-wetzlar.de\/en\/impressum\/\" \/>\n<meta property=\"og:locale\" content=\"en_US\" \/>\n<meta property=\"og:type\" content=\"article\" \/>\n<meta property=\"og:title\" content=\"Impressum - DPS\" \/>\n<meta property=\"og:description\" content=\"Dalheim Pharma Service GmbH | Hohe Stra\u00dfe 21 | 35576 Wetzlar\" \/>\n<meta property=\"og:url\" content=\"https:\/\/dps-wetzlar.de\/en\/impressum\/\" \/>\n<meta property=\"og:site_name\" content=\"Dalheim Pharma Service GmbH\" \/>\n<meta property=\"article:modified_time\" content=\"2024-10-16T14:00:32+00:00\" \/>\n<meta name=\"twitter:card\" content=\"summary_large_image\" \/>\n<meta name=\"twitter:label1\" content=\"Est. reading time\" \/>\n\t<meta name=\"twitter:data1\" content=\"1 minute\" \/>\n<script type=\"application\/ld+json\" class=\"yoast-schema-graph\">{\"@context\":\"https:\\\/\\\/schema.org\",\"@graph\":[{\"@type\":\"WebPage\",\"@id\":\"https:\\\/\\\/dps-wetzlar.de\\\/en\\\/impressum\\\/\",\"url\":\"https:\\\/\\\/dps-wetzlar.de\\\/en\\\/impressum\\\/\",\"name\":\"Impressum - DPS\",\"isPartOf\":{\"@id\":\"https:\\\/\\\/dps-wetzlar.de\\\/en\\\/#website\"},\"datePublished\":\"2023-10-25T06:53:16+00:00\",\"dateModified\":\"2024-10-16T14:00:32+00:00\",\"description\":\"Dalheim Pharma Service GmbH | Hohe Stra\u00dfe 21 | 35576 Wetzlar\",\"breadcrumb\":{\"@id\":\"https:\\\/\\\/dps-wetzlar.de\\\/en\\\/impressum\\\/#breadcrumb\"},\"inLanguage\":\"en-US\",\"potentialAction\":[{\"@type\":\"ReadAction\",\"target\":[\"https:\\\/\\\/dps-wetzlar.de\\\/en\\\/impressum\\\/\"]}]},{\"@type\":\"BreadcrumbList\",\"@id\":\"https:\\\/\\\/dps-wetzlar.de\\\/en\\\/impressum\\\/#breadcrumb\",\"itemListElement\":[{\"@type\":\"ListItem\",\"position\":1,\"name\":\"Startseite\",\"item\":\"https:\\\/\\\/dps-wetzlar.de\\\/en\\\/\"},{\"@type\":\"ListItem\",\"position\":2,\"name\":\"Impressum\"}]},{\"@type\":\"WebSite\",\"@id\":\"https:\\\/\\\/dps-wetzlar.de\\\/en\\\/#website\",\"url\":\"https:\\\/\\\/dps-wetzlar.de\\\/en\\\/\",\"name\":\"Dalheim Pharma Service GmbH\",\"description\":\"\",\"publisher\":{\"@id\":\"https:\\\/\\\/dps-wetzlar.de\\\/en\\\/#organization\"},\"potentialAction\":[{\"@type\":\"SearchAction\",\"target\":{\"@type\":\"EntryPoint\",\"urlTemplate\":\"https:\\\/\\\/dps-wetzlar.de\\\/en\\\/?s={search_term_string}\"},\"query-input\":{\"@type\":\"PropertyValueSpecification\",\"valueRequired\":true,\"valueName\":\"search_term_string\"}}],\"inLanguage\":\"en-US\"},{\"@type\":\"Organization\",\"@id\":\"https:\\\/\\\/dps-wetzlar.de\\\/en\\\/#organization\",\"name\":\"Dalheim Pharma Service\",\"url\":\"https:\\\/\\\/dps-wetzlar.de\\\/en\\\/\",\"logo\":{\"@type\":\"ImageObject\",\"inLanguage\":\"en-US\",\"@id\":\"https:\\\/\\\/dps-wetzlar.de\\\/en\\\/#\\\/schema\\\/logo\\\/image\\\/\",\"url\":\"https:\\\/\\\/dps-wetzlar.de\\\/wp-content\\\/uploads\\\/sites\\\/28\\\/2023\\\/10\\\/asset-0.png\",\"contentUrl\":\"https:\\\/\\\/dps-wetzlar.de\\\/wp-content\\\/uploads\\\/sites\\\/28\\\/2023\\\/10\\\/asset-0.png\",\"width\":504,\"height\":80,\"caption\":\"Dalheim Pharma Service\"},\"image\":{\"@id\":\"https:\\\/\\\/dps-wetzlar.de\\\/en\\\/#\\\/schema\\\/logo\\\/image\\\/\"}}]}<\/script>\n<!-- \/ Yoast SEO plugin. -->","yoast_head_json":{"title":"Impressum - DPS","description":"Dalheim Pharma Service GmbH | Hohe Stra\u00dfe 21 | 35576 Wetzlar","robots":{"index":"index","follow":"follow","max-snippet":"max-snippet:-1","max-image-preview":"max-image-preview:large","max-video-preview":"max-video-preview:-1"},"canonical":"https:\/\/dps-wetzlar.de\/en\/impressum\/","og_locale":"en_US","og_type":"article","og_title":"Impressum - DPS","og_description":"Dalheim Pharma Service GmbH | Hohe Stra\u00dfe 21 | 35576 Wetzlar","og_url":"https:\/\/dps-wetzlar.de\/en\/impressum\/","og_site_name":"Dalheim Pharma Service GmbH","article_modified_time":"2024-10-16T14:00:32+00:00","twitter_card":"summary_large_image","twitter_misc":{"Est. reading time":"1 minute"},"schema":{"@context":"https:\/\/schema.org","@graph":[{"@type":"WebPage","@id":"https:\/\/dps-wetzlar.de\/en\/impressum\/","url":"https:\/\/dps-wetzlar.de\/en\/impressum\/","name":"Impressum - DPS","isPartOf":{"@id":"https:\/\/dps-wetzlar.de\/en\/#website"},"datePublished":"2023-10-25T06:53:16+00:00","dateModified":"2024-10-16T14:00:32+00:00","description":"Dalheim Pharma Service GmbH | Hohe Stra\u00dfe 21 | 35576 Wetzlar","breadcrumb":{"@id":"https:\/\/dps-wetzlar.de\/en\/impressum\/#breadcrumb"},"inLanguage":"en-US","potentialAction":[{"@type":"ReadAction","target":["https:\/\/dps-wetzlar.de\/en\/impressum\/"]}]},{"@type":"BreadcrumbList","@id":"https:\/\/dps-wetzlar.de\/en\/impressum\/#breadcrumb","itemListElement":[{"@type":"ListItem","position":1,"name":"Startseite","item":"https:\/\/dps-wetzlar.de\/en\/"},{"@type":"ListItem","position":2,"name":"Impressum"}]},{"@type":"WebSite","@id":"https:\/\/dps-wetzlar.de\/en\/#website","url":"https:\/\/dps-wetzlar.de\/en\/","name":"Dalheim Pharma Service GmbH","description":"","publisher":{"@id":"https:\/\/dps-wetzlar.de\/en\/#organization"},"potentialAction":[{"@type":"SearchAction","target":{"@type":"EntryPoint","urlTemplate":"https:\/\/dps-wetzlar.de\/en\/?s={search_term_string}"},"query-input":{"@type":"PropertyValueSpecification","valueRequired":true,"valueName":"search_term_string"}}],"inLanguage":"en-US"},{"@type":"Organization","@id":"https:\/\/dps-wetzlar.de\/en\/#organization","name":"Dalheim Pharma Service","url":"https:\/\/dps-wetzlar.de\/en\/","logo":{"@type":"ImageObject","inLanguage":"en-US","@id":"https:\/\/dps-wetzlar.de\/en\/#\/schema\/logo\/image\/","url":"https:\/\/dps-wetzlar.de\/wp-content\/uploads\/sites\/28\/2023\/10\/asset-0.png","contentUrl":"https:\/\/dps-wetzlar.de\/wp-content\/uploads\/sites\/28\/2023\/10\/asset-0.png","width":504,"height":80,"caption":"Dalheim Pharma Service"},"image":{"@id":"https:\/\/dps-wetzlar.de\/en\/#\/schema\/logo\/image\/"}}]}},"_links":{"self":[{"href":"https:\/\/dps-wetzlar.de\/en\/wp-json\/wp\/v2\/pages\/119","targetHints":{"allow":["GET"]}}],"collection":[{"href":"https:\/\/dps-wetzlar.de\/en\/wp-json\/wp\/v2\/pages"}],"about":[{"href":"https:\/\/dps-wetzlar.de\/en\/wp-json\/wp\/v2\/types\/page"}],"author":[{"embeddable":true,"href":"https:\/\/dps-wetzlar.de\/en\/wp-json\/wp\/v2\/users\/3"}],"replies":[{"embeddable":true,"href":"https:\/\/dps-wetzlar.de\/en\/wp-json\/wp\/v2\/comments?post=119"}],"version-history":[{"count":5,"href":"https:\/\/dps-wetzlar.de\/en\/wp-json\/wp\/v2\/pages\/119\/revisions"}],"predecessor-version":[{"id":490,"href":"https:\/\/dps-wetzlar.de\/en\/wp-json\/wp\/v2\/pages\/119\/revisions\/490"}],"wp:attachment":[{"href":"https:\/\/dps-wetzlar.de\/en\/wp-json\/wp\/v2\/media?parent=119"}],"curies":[{"name":"wp","href":"https:\/\/api.w.org\/{rel}","templated":true}]}}